{"id":56,"date":"2025-09-23T18:06:02","date_gmt":"2025-09-23T18:06:02","guid":{"rendered":"https:\/\/leam-mx.org\/?page_id=56"},"modified":"2025-11-11T20:01:51","modified_gmt":"2025-11-12T02:01:51","slug":"about","status":"publish","type":"page","link":"https:\/\/leam-mx.org\/es\/about\/","title":{"rendered":"Qui\u00e9nes somos"},"content":{"rendered":"<div data-elementor-type=\"wp-page\" data-elementor-id=\"56\" class=\"elementor elementor-56\" data-elementor-post-type=\"page\">\n\t\t\t\t<div class=\"elementor-element elementor-element-81bfa28 e-flex e-con-boxed e-con e-parent\" data-id=\"81bfa28\" data-element_type=\"container\">\n\t\t\t\t\t<div class=\"e-con-inner\">\n\t\t\t\t<div class=\"elementor-element elementor-element-a01a779 elementor-widget elementor-widget-text-editor\" data-id=\"a01a779\" data-element_type=\"widget\" data-widget_type=\"text-editor.default\">\n\t\t\t\t\t\t\t\t\t<p><strong>Laboratorio de Ecolog\u00eda Ac\u00fastica en M\u00e9xico (Acoustic Ecology Lab in Mexico)<\/strong><br \/><strong><br \/>LEAM<br \/><\/strong><br \/><strong>Quienes somos<\/strong><br \/>Fundado y dirigido por la compositora Tania Rubio desde 2020, el Laboratorio de Ecolog\u00eda Ac\u00fastica (LEAM) representa una fusi\u00f3n innovadora de disciplinas art\u00edsticas y cient\u00edficas. En LEAM, artistas y bi\u00f3logos colaboran para investigar, reflexionar y crear arte centrado en las intrincadas relaciones entre el sonido y el medio ambiente. Al reunir diversos conocimientos especializados, el laboratorio trasciende las fronteras convencionales, combinando el rigor cient\u00edfico con la expresi\u00f3n art\u00edstica para explorar temas ecol\u00f3gicos a trav\u00e9s del sonido. LEAM ha involucrado activamente a comunidades en M\u00e9xico, ofreciendo talleres, conferencias, conciertos y residencias en estados como Guanajuato, Ciudad de M\u00e9xico, Morelos y Yucat\u00e1n. El foco a nivel nacional refleja el compromiso de LEAM de hacer que la ecolog\u00eda ac\u00fastica sea accesible, relevante y resonante en diversos contextos culturales y ecol\u00f3gicos. A nivel internacional, LEAM ha extendido su influencia a Alemania, donde los eventos celebrados en Fr\u00e1ncfort y Berl\u00edn han propiciado un di\u00e1logo y un intercambio m\u00e1s amplios, conectando los paisajes sonoros \u00fanicos de M\u00e9xico con la comunidad global de ecolog\u00eda ac\u00fastica. La misi\u00f3n principal del LEAM es fomentar el arte sonoro ambiental en la intersecci\u00f3n entre el arte y la ciencia.<\/p><p>Para lograr esto, LEAM opera a trav\u00e9s de cinco principios:<\/p><p>Educaci\u00f3n, Investigaci\u00f3n, Creaci\u00f3n, Producci\u00f3n y Divulgaci\u00f3n<\/p><p><strong>Directora Art\u00edstica<\/strong><br \/>Tania Rubio<\/p><p><strong>Directora Cient\u00edfica<\/strong><br \/>Marina Rivero<\/p><p><strong>Ensamble Residente<\/strong><br \/>Duplum<\/p><p><strong>Miembro Honorario<\/strong><br \/>Dr. Fernando Urbina<\/p><p><strong>Colectivo LEAM<\/strong><br \/>Tania Rubio, Marina Rivero, Iv\u00e1n Manzanilla, Fernando Dom\u00ednguez, Sabine Vogel<\/p><p><strong>LEAM Infancias<\/strong><br \/>Gilberto Ram\u00edrez<\/p>\t\t\t\t\t\t\t\t<\/div>\n\t\t\t\t\t<\/div>\n\t\t\t\t<\/div>\n\t\t\t\t<\/div>","protected":false},"excerpt":{"rendered":"<p>Laboratorio de Ecolog\u00eda Ac\u00fastica en M\u00e9xico (Acoustic Ecology Lab in Mexico)LEAMWho we areFounded and directed by composer Tania Rubio since 2020, the Acoustic Ecology Lab in<span class=\"excerpt-hellip\"> [\u2026]<\/span><\/p>","protected":false},"author":1,"featured_media":0,"parent":0,"menu_order":2,"comment_status":"closed","ping_status":"closed","template":"","meta":{"footnotes":""},"class_list":["post-56","page","type-page","status-publish","hentry"],"_links":{"self":[{"href":"https:\/\/leam-mx.org\/es\/wp-json\/wp\/v2\/pages\/56","targetHints":{"allow":["GET"]}}],"collection":[{"href":"https:\/\/leam-mx.org\/es\/wp-json\/wp\/v2\/pages"}],"about":[{"href":"https:\/\/leam-mx.org\/es\/wp-json\/wp\/v2\/types\/page"}],"author":[{"embeddable":true,"href":"https:\/\/leam-mx.org\/es\/wp-json\/wp\/v2\/users\/1"}],"replies":[{"embeddable":true,"href":"https:\/\/leam-mx.org\/es\/wp-json\/wp\/v2\/comments?post=56"}],"version-history":[{"count":31,"href":"https:\/\/leam-mx.org\/es\/wp-json\/wp\/v2\/pages\/56\/revisions"}],"predecessor-version":[{"id":1634,"href":"https:\/\/leam-mx.org\/es\/wp-json\/wp\/v2\/pages\/56\/revisions\/1634"}],"wp:attachment":[{"href":"https:\/\/leam-mx.org\/es\/wp-json\/wp\/v2\/media?parent=56"}],"curies":[{"name":"wp","href":"https:\/\/api.w.org\/{rel}","templated":true}]}}